{"id":2133,"date":"2025-12-10T12:13:31","date_gmt":"2025-12-10T11:13:31","guid":{"rendered":"https:\/\/www.schlosshotelpontresina.com\/?page_id=2133"},"modified":"2025-12-10T12:13:31","modified_gmt":"2025-12-10T11:13:31","slug":"zimmer-und-suiten","status":"publish","type":"page","link":"https:\/\/www.schlosshotelpontresina.com\/de\/zimmer-und-suiten\/","title":{"rendered":"Zimmer und Suiten"},"content":{"rendered":"<p>F\u00fcr jeden Typ gibt es die M\u00f6glichkeit <strong>mit Panoramablick<\/strong> die ewige Sch\u00f6nheit der Gletscher und des <strong>Rosatschmassivs<\/strong> zu bewundern. Modernste Ausstattung, gro\u00dfz\u00fcgige <strong>R\u00e4umlichkeiten<\/strong>, extrem helle Innenr\u00e4ume mit typischer Einrichtung und eine warme und <strong>einladende Atmosph\u00e4re.<\/strong><\/p>\n<p><strong>F\u00fcr Familien<\/strong>, mehrere perfekte L\u00f6sungen, um die <strong>Anforderungen an Platz und Funktionalit\u00e4t zu erf\u00fcllen.<\/strong><\/p>\n","protected":false},"excerpt":{"rendered":"<p>F\u00fcr jeden Typ gibt es die M\u00f6glichkeit mit Panoramablick die ewige Sch\u00f6nheit der Gletscher und des Rosatschmassivs zu bewundern. Modernste Ausstattung, gro\u00dfz\u00fcgige R\u00e4umlichkeiten, extrem helle Innenr\u00e4ume mit typischer Einrichtung und eine warme und einladende Atmosph\u00e4re. F\u00fcr Familien, mehrere perfekte L\u00f6sungen, um die Anforderungen an Platz und Funktionalit\u00e4t zu erf\u00fcllen.<\/p>\n","protected":false},"author":5,"featured_media":0,"parent":0,"menu_order":0,"comment_status":"closed","ping_status":"closed","template":"template\/template.camere.php","meta":{"_acf_changed":false},"class_list":["post-2133","page","type-page","status-publish","hentry"],"acf":[],"_links":{"self":[{"href":"https:\/\/www.schlosshotelpontresina.com\/de\/wp-json\/wp\/v2\/pages\/2133","targetHints":{"allow":["GET"]}}],"collection":[{"href":"https:\/\/www.schlosshotelpontresina.com\/de\/wp-json\/wp\/v2\/pages"}],"about":[{"href":"https:\/\/www.schlosshotelpontresina.com\/de\/wp-json\/wp\/v2\/types\/page"}],"author":[{"embeddable":true,"href":"https:\/\/www.schlosshotelpontresina.com\/de\/wp-json\/wp\/v2\/users\/5"}],"replies":[{"embeddable":true,"href":"https:\/\/www.schlosshotelpontresina.com\/de\/wp-json\/wp\/v2\/comments?post=2133"}],"version-history":[{"count":0,"href":"https:\/\/www.schlosshotelpontresina.com\/de\/wp-json\/wp\/v2\/pages\/2133\/revisions"}],"wp:attachment":[{"href":"https:\/\/www.schlosshotelpontresina.com\/de\/wp-json\/wp\/v2\/media?parent=2133"}],"curies":[{"name":"wp","href":"https:\/\/api.w.org\/{rel}","templated":true}]}}