{"id":2131,"date":"2025-12-09T17:49:21","date_gmt":"2025-12-09T16:49:21","guid":{"rendered":"https:\/\/www.schlosshotelpontresina.com\/?page_id=2131"},"modified":"2025-12-09T17:49:21","modified_gmt":"2025-12-09T16:49:21","slug":"privacy-policy-contact","status":"publish","type":"page","link":"https:\/\/www.schlosshotelpontresina.com\/de\/privacy-policy-contact\/","title":{"rendered":"Privacy Policy Contact"},"content":{"rendered":"<p data-start=\"126\" data-end=\"975\">Diese Seite dient dazu, die Nutzer dieser Website \u00fcber die Methoden der Verwaltung der Seite in Bezug auf die Verarbeitung ihrer personenbezogenen Daten zu informieren, wie in den Artikeln 13 und 14 der Europ\u00e4ischen Verordnung Nr. 679\/2016 \u2013 Datenschutz-Grundverordnung (DSGVO) vorgesehen. Diese Richtlinie entspricht vollst\u00e4ndig der Empfehlung Nr. 2\/2001, die von den europ\u00e4ischen Datenschutzbeh\u00f6rden herausgegeben wurde, die sich in der gem\u00e4\u00df Artikel 29 der Richtlinie 95\/46\/EG eingesetzten Arbeitsgruppe zusammengeschlossen haben und am 17. Mai 2001 angenommen wurde, um die Mindestanforderungen f\u00fcr die Online-Erhebung personenbezogener Daten festzulegen \u2013 insbesondere die Methoden, den Zeitpunkt und die Art der Informationen, die Verantwortliche den Nutzern bereitstellen m\u00fcssen, wenn sie Webseiten besuchen, unabh\u00e4ngig vom Zweck des Besuchs.<\/p>\n<p data-start=\"977\" data-end=\"1101\">Durch das Navigieren auf dieser Website k\u00f6nnen Daten von identifizierten oder identifizierbaren Personen verarbeitet werden.<\/p>\n<p data-start=\"1103\" data-end=\"1131\"><strong data-start=\"1103\" data-end=\"1131\">Einwilligungsmechanismen<\/strong><\/p>\n<p data-start=\"1133\" data-end=\"1565\">Die Einwilligungsmechanismen werden klar, pr\u00e4zise und leicht verst\u00e4ndlich gestaltet. Sollten sich die urspr\u00fcnglichen Bedingungen \u00e4ndern, unter denen die Einwilligung eingeholt wurde \u2013 etwa aufgrund ge\u00e4nderter Zwecke der Datenverarbeitung \u2013, wird gem\u00e4\u00df der Verordnung (EU) 679\/2016 eine erneute Einwilligung eingeholt. Alle gesammelten Einwilligungen werden dokumentiert und getrennt von anderer Unternehmensdokumentation aufbewahrt.<\/p>\n<p data-start=\"1567\" data-end=\"1767\">Ihre personenbezogenen Daten werden nicht weitergegeben. Sie haben das Recht, Ihre Rechte gem\u00e4\u00df den Artikeln 11\u201320 der Verordnung (EU) 679\/2016 auszu\u00fcben, indem Sie an <strong data-start=\"1735\" data-end=\"1756\"><a class=\"decorated-link cursor-pointer\" rel=\"noopener\" data-start=\"1737\" data-end=\"1754\">info@piazzahr.com<\/a><\/strong> schreiben.<\/p>\n<p data-start=\"1769\" data-end=\"1991\">Der Verantwortliche f\u00fcr die Datenverarbeitung ist <strong data-start=\"1819\" data-end=\"1853\">Piazza Hotels &amp; Residences Srl<\/strong>, mit Sitz in Via Lungomare Murri 13, 47921 Rimini, Italien.<br data-start=\"1913\" data-end=\"1916\" \/>Der Auftragsverarbeiter ist <strong data-start=\"1944\" data-end=\"1966\">Herr Orfeo Bianchi<\/strong>, ans\u00e4ssig am Firmensitz.<\/p>\n<p data-start=\"1993\" data-end=\"2290\">Die Verarbeitung der Daten im Zusammenhang mit den Webdiensten dieser Website findet an dem oben genannten Standort sowie beim Dienstanbieter statt. Sie wird ausschlie\u00dflich durch Unternehmenspersonal oder durch externe Parteien durchgef\u00fchrt, die f\u00fcr gelegentliche Wartungsarbeiten beauftragt sind.<\/p>\n<hr data-start=\"2292\" data-end=\"2295\" \/>\n<h3 data-start=\"2297\" data-end=\"2330\"><strong data-start=\"2301\" data-end=\"2330\">Arten der erhobenen Daten<\/strong><\/h3>\n<h4 data-start=\"2332\" data-end=\"2357\"><strong data-start=\"2337\" data-end=\"2357\">Navigationsdaten<\/strong><\/h4>\n<p data-start=\"2359\" data-end=\"2612\">Die IT-Systeme und Softwareverfahren, die f\u00fcr den Betrieb dieser Website erforderlich sind, erfassen w\u00e4hrend ihres normalen Betriebs bestimmte personenbezogene Daten, deren \u00dcbermittlung bei der Nutzung der Internet-Kommunikationsprotokolle implizit ist.<\/p>\n<p data-start=\"2614\" data-end=\"2865\">Diese Informationen werden nicht erhoben, um sie mit identifizierten Personen in Verbindung zu bringen, k\u00f6nnten jedoch aufgrund ihrer Beschaffenheit \u2013 durch Verarbeitung und Verkn\u00fcpfung mit Daten Dritter \u2013 eine Identifizierung des Nutzers erm\u00f6glichen.<\/p>\n<p data-start=\"2867\" data-end=\"3383\">Zu dieser Datenkategorie geh\u00f6ren IP-Adressen oder Domainnamen der Computer, die von Nutzern beim Zugriff auf die Website verwendet werden, URI-Adressen (Uniform Resource Identifier) der angeforderten Ressourcen, Zeitpunkt der Anfrage, die bei der Anfrage an den Server verwendete Methode, die Gr\u00f6\u00dfe der als Antwort erhaltenen Datei, der numerische Code, der den Status der Serverantwort anzeigt (Erfolg, Fehler usw.), sowie weitere Parameter, die sich auf das Betriebssystem und die IT-Umgebung des Nutzers beziehen.<\/p>\n<p data-start=\"3385\" data-end=\"3744\">Diese Daten werden ausschlie\u00dflich verwendet, um anonyme statistische Informationen \u00fcber die Nutzung der Website zu erhalten und deren ordnungsgem\u00e4\u00dfen Betrieb sicherzustellen. Sie k\u00f6nnen zur Feststellung der Verantwortlichkeit im Falle m\u00f6glicher Computerstraftaten gegen die Website verwendet und auf ausdr\u00fcckliche Anfrage der Justizbeh\u00f6rde offengelegt werden.<\/p>\n<hr data-start=\"3746\" data-end=\"3749\" \/>\n<h3 data-start=\"3751\" data-end=\"3802\"><strong data-start=\"3755\" data-end=\"3802\">Freiwillig vom Nutzer bereitgestellte Daten<\/strong><\/h3>\n<p data-start=\"3804\" data-end=\"4182\">Das freiwillige, ausdr\u00fcckliche und optionale Versenden von E-Mails an die auf dieser Website angegebenen Adressen f\u00fchrt zur anschlie\u00dfenden Erfassung der Absenderadresse, die zur Beantwortung von Anfragen erforderlich ist, sowie aller weiteren personenbezogenen Daten, die in der Nachricht enthalten sind. Gleiches gilt f\u00fcr Daten, die \u00fcber Online-Anfrageformulare erhoben werden.<\/p>\n<p data-start=\"4184\" data-end=\"4363\">Personenbezogene Daten werden mittels automatisierter Systeme f\u00fcr den Zeitraum verarbeitet, der unbedingt erforderlich ist, um die Zwecke zu erreichen, f\u00fcr die sie erhoben wurden.<\/p>\n<p data-start=\"4365\" data-end=\"4515\">Spezifische Sicherheitsma\u00dfnahmen werden getroffen, um Datenverlust, unrechtm\u00e4\u00dfige oder unsachgem\u00e4\u00dfe Verwendung sowie unbefugten Zugriff zu verhindern.<\/p>\n","protected":false},"excerpt":{"rendered":"<p>Diese Seite dient dazu, die Nutzer dieser Website \u00fcber die Methoden der Verwaltung der Seite in Bezug auf die Verarbeitung ihrer personenbezogenen Daten zu informieren, wie in den Artikeln 13 und 14 der Europ\u00e4ischen Verordnung Nr. 679\/2016 \u2013 Datenschutz-Grundverordnung (DSGVO) vorgesehen. Diese Richtlinie entspricht vollst\u00e4ndig der Empfehlung Nr. 2\/2001, die von den europ\u00e4ischen Datenschutzbeh\u00f6rden herausgegeben wurde, die sich in der gem\u00e4\u00df Artikel 29 der Richtlinie 95\/46\/EG eingesetzten Arbeitsgruppe zusammengeschlossen haben &#8230;<\/p>\n","protected":false},"author":5,"featured_media":0,"parent":0,"menu_order":0,"comment_status":"closed","ping_status":"closed","template":"","meta":{"_acf_changed":false},"class_list":["post-2131","page","type-page","status-publish","hentry"],"acf":[],"_links":{"self":[{"href":"https:\/\/www.schlosshotelpontresina.com\/de\/wp-json\/wp\/v2\/pages\/2131","targetHints":{"allow":["GET"]}}],"collection":[{"href":"https:\/\/www.schlosshotelpontresina.com\/de\/wp-json\/wp\/v2\/pages"}],"about":[{"href":"https:\/\/www.schlosshotelpontresina.com\/de\/wp-json\/wp\/v2\/types\/page"}],"author":[{"embeddable":true,"href":"https:\/\/www.schlosshotelpontresina.com\/de\/wp-json\/wp\/v2\/users\/5"}],"replies":[{"embeddable":true,"href":"https:\/\/www.schlosshotelpontresina.com\/de\/wp-json\/wp\/v2\/comments?post=2131"}],"version-history":[{"count":0,"href":"https:\/\/www.schlosshotelpontresina.com\/de\/wp-json\/wp\/v2\/pages\/2131\/revisions"}],"wp:attachment":[{"href":"https:\/\/www.schlosshotelpontresina.com\/de\/wp-json\/wp\/v2\/media?parent=2131"}],"curies":[{"name":"wp","href":"https:\/\/api.w.org\/{rel}","templated":true}]}}