{"id":2125,"date":"2025-12-09T17:41:13","date_gmt":"2025-12-09T16:41:13","guid":{"rendered":"https:\/\/www.schlosshotelpontresina.com\/?page_id=2125"},"modified":"2025-12-09T17:41:13","modified_gmt":"2025-12-09T16:41:13","slug":"wie-sie-uns-erreichen","status":"publish","type":"page","link":"https:\/\/www.schlosshotelpontresina.com\/de\/wie-sie-uns-erreichen\/","title":{"rendered":"Wie sie uns erreichen"},"content":{"rendered":"<p data-start=\"80\" data-end=\"213\">Mit dem Auto ist es m\u00f6glich, das Engadin aus anderen Regionen der Schweiz sowie aus Italien, \u00d6sterreich und Deutschland zu erreichen.<\/p>\n<p data-start=\"215\" data-end=\"235\"><strong data-start=\"215\" data-end=\"235\">Einige Hinweise:<\/strong><\/p>\n<p data-start=\"237\" data-end=\"447\"><strong data-start=\"237\" data-end=\"261\">Z\u00fcrich \u2013 St. Moritz:<\/strong><br data-start=\"261\" data-end=\"264\" \/>\u00fcber die A3 bis Chur, dann die Autobahn A13 bis Thusis \/ St. Moritz. Nehmen Sie die Ausfahrt St. Moritz \/ Julierpass und fahren Sie weiter in Richtung St. Moritz.<br data-start=\"426\" data-end=\"429\" \/>200 km \u2013 3 Stunden<\/p>\n<p data-start=\"449\" data-end=\"634\"><strong data-start=\"449\" data-end=\"474\">Mailand \u2013 St. Moritz:<\/strong><br data-start=\"474\" data-end=\"477\" \/>\u00fcber die Schnellstra\u00dfe SS36 bis Lecco. Danach weiter in Richtung Sondrio und Chiavenna, dann \u00fcber den Malojapass in Richtung St. Moritz.<br data-start=\"613\" data-end=\"616\" \/>175 km \u2013 3 Stunden<\/p>\n<p data-start=\"636\" data-end=\"779\"><strong data-start=\"636\" data-end=\"661\">M\u00fcnchen \u2013 St. Moritz:<\/strong><br data-start=\"661\" data-end=\"664\" \/>\u00fcber die Autobahn A95 bis Garmisch-Partenkirchen und \u00fcber den Fernpass in Richtung St. Moritz.<br data-start=\"758\" data-end=\"761\" \/>280 km \u2013 4 Stunden<\/p>\n","protected":false},"excerpt":{"rendered":"<p>Mit dem Auto ist es m\u00f6glich, das Engadin aus anderen Regionen der Schweiz sowie aus Italien, \u00d6sterreich und Deutschland zu erreichen. Einige Hinweise: Z\u00fcrich \u2013 St. Moritz:\u00fcber die A3 bis Chur, dann die Autobahn A13 bis Thusis \/ St. Moritz. Nehmen Sie die Ausfahrt St. Moritz \/ Julierpass und fahren Sie weiter in Richtung St. Moritz.200 km \u2013 3 Stunden Mailand \u2013 St. Moritz:\u00fcber die Schnellstra\u00dfe SS36 bis Lecco. Danach &#8230;<\/p>\n","protected":false},"author":5,"featured_media":0,"parent":0,"menu_order":0,"comment_status":"closed","ping_status":"closed","template":"","meta":{"_acf_changed":false},"class_list":["post-2125","page","type-page","status-publish","hentry"],"acf":[],"_links":{"self":[{"href":"https:\/\/www.schlosshotelpontresina.com\/de\/wp-json\/wp\/v2\/pages\/2125","targetHints":{"allow":["GET"]}}],"collection":[{"href":"https:\/\/www.schlosshotelpontresina.com\/de\/wp-json\/wp\/v2\/pages"}],"about":[{"href":"https:\/\/www.schlosshotelpontresina.com\/de\/wp-json\/wp\/v2\/types\/page"}],"author":[{"embeddable":true,"href":"https:\/\/www.schlosshotelpontresina.com\/de\/wp-json\/wp\/v2\/users\/5"}],"replies":[{"embeddable":true,"href":"https:\/\/www.schlosshotelpontresina.com\/de\/wp-json\/wp\/v2\/comments?post=2125"}],"version-history":[{"count":0,"href":"https:\/\/www.schlosshotelpontresina.com\/de\/wp-json\/wp\/v2\/pages\/2125\/revisions"}],"wp:attachment":[{"href":"https:\/\/www.schlosshotelpontresina.com\/de\/wp-json\/wp\/v2\/media?parent=2125"}],"curies":[{"name":"wp","href":"https:\/\/api.w.org\/{rel}","templated":true}]}}