{"id":2121,"date":"2025-12-09T17:33:14","date_gmt":"2025-12-09T16:33:14","guid":{"rendered":"https:\/\/www.schlosshotelpontresina.com\/?page_id=2121"},"modified":"2025-12-12T14:56:02","modified_gmt":"2025-12-12T13:56:02","slug":"etikette-spa","status":"publish","type":"page","link":"https:\/\/www.schlosshotelpontresina.com\/de\/etikette-spa\/","title":{"rendered":"Etikette Spa"},"content":{"rendered":"<p data-start=\"51\" data-end=\"603\">Um Ihren Aufenthalt im SPA in v\u00f6lliger Entspannung zu genie\u00dfen, bitten wir Sie, den Klingelton Ihres Mobiltelefons auszuschalten und Ihre Stimme leise zu halten.<br data-start=\"216\" data-end=\"219\" \/>Im Inneren des SPA finden Sie eine spezifische Hausordnung mit weiteren Details. Es wird empfohlen, Wertsachen im Safe Ihres Zimmers zu deponieren. Die Direktion \u00fcbernimmt keine Verantwortung f\u00fcr Gegenst\u00e4nde, die vergessen oder unbeaufsichtigt gelassen werden.<br data-start=\"479\" data-end=\"482\" \/>Ihre Meinung ist uns wichtig \u2013 wir laden Sie ein, Ihre Anregungen und Erwartungen mit uns zu teilen. Wir sind f\u00fcr Sie da.<\/p>\n<p data-start=\"51\" data-end=\"603\"><span style=\"font-size: 14pt\"><strong data-start=\"614\" data-end=\"630\">Reservierung<br \/>\n<\/strong><\/span><span style=\"font-size: 16px\">Bitte kontaktieren Sie die SPA-Rezeption direkt unter der internen Nummer <\/span>3046<span style=\"font-size: 16px\">, oder:<\/span><\/p>\n<p data-start=\"723\" data-end=\"825\">Telefon: <strong data-start=\"732\" data-end=\"749\">+41 799560860<\/strong><br data-start=\"749\" data-end=\"752\" \/>WhatsApp: <strong data-start=\"762\" data-end=\"780\">+39 3757702246<\/strong><br data-start=\"780\" data-end=\"783\" \/>E-Mail: <strong data-start=\"791\" data-end=\"825\"><a class=\"decorated-link cursor-pointer\" rel=\"noopener\" data-start=\"793\" data-end=\"823\">spa@schlosshotelpontresina.com<\/a><\/strong><\/p>\n<h3 data-start=\"832\" data-end=\"852\"><strong data-start=\"836\" data-end=\"852\">Behandlungen<\/strong><\/h3>\n<p data-start=\"854\" data-end=\"1281\">Um v\u00f6llige Entspannung zu gew\u00e4hrleisten, ist es empfehlenswert, mindestens 10 Minuten vor jeder Behandlung im SPA einzutreffen.<br data-start=\"981\" data-end=\"984\" \/>Bei versp\u00e4teter Ankunft verk\u00fcrzt sich die Ihnen zur Verf\u00fcgung stehende Zeit. In diesem Fall kann die Behandlungsdauer abh\u00e4ngig von nachfolgenden Terminen entsprechend angepasst werden.<br data-start=\"1168\" data-end=\"1171\" \/>Die in unserer Preisliste angegebenen Zeiten entsprechen der tats\u00e4chlichen Dauer der Behandlung in der Kabine.<\/p>\n","protected":false},"excerpt":{"rendered":"<p>Um Ihren Aufenthalt im SPA in v\u00f6lliger Entspannung zu genie\u00dfen, bitten wir Sie, den Klingelton Ihres Mobiltelefons auszuschalten und Ihre Stimme leise zu halten.Im Inneren des SPA finden Sie eine spezifische Hausordnung mit weiteren Details. Es wird empfohlen, Wertsachen im Safe Ihres Zimmers zu deponieren. Die Direktion \u00fcbernimmt keine Verantwortung f\u00fcr Gegenst\u00e4nde, die vergessen oder unbeaufsichtigt gelassen werden.Ihre Meinung ist uns wichtig \u2013 wir laden Sie ein, Ihre Anregungen und &#8230;<\/p>\n","protected":false},"author":5,"featured_media":0,"parent":0,"menu_order":0,"comment_status":"closed","ping_status":"closed","template":"","meta":{"_acf_changed":false},"class_list":["post-2121","page","type-page","status-publish","hentry"],"acf":[],"_links":{"self":[{"href":"https:\/\/www.schlosshotelpontresina.com\/de\/wp-json\/wp\/v2\/pages\/2121","targetHints":{"allow":["GET"]}}],"collection":[{"href":"https:\/\/www.schlosshotelpontresina.com\/de\/wp-json\/wp\/v2\/pages"}],"about":[{"href":"https:\/\/www.schlosshotelpontresina.com\/de\/wp-json\/wp\/v2\/types\/page"}],"author":[{"embeddable":true,"href":"https:\/\/www.schlosshotelpontresina.com\/de\/wp-json\/wp\/v2\/users\/5"}],"replies":[{"embeddable":true,"href":"https:\/\/www.schlosshotelpontresina.com\/de\/wp-json\/wp\/v2\/comments?post=2121"}],"version-history":[{"count":0,"href":"https:\/\/www.schlosshotelpontresina.com\/de\/wp-json\/wp\/v2\/pages\/2121\/revisions"}],"wp:attachment":[{"href":"https:\/\/www.schlosshotelpontresina.com\/de\/wp-json\/wp\/v2\/media?parent=2121"}],"curies":[{"name":"wp","href":"https:\/\/api.w.org\/{rel}","templated":true}]}}