{"id":2111,"date":"2025-12-09T17:23:42","date_gmt":"2025-12-09T16:23:42","guid":{"rendered":"https:\/\/www.schlosshotelpontresina.com\/?page_id=2111"},"modified":"2025-12-09T17:23:42","modified_gmt":"2025-12-09T16:23:42","slug":"family","status":"publish","type":"page","link":"https:\/\/www.schlosshotelpontresina.com\/de\/family\/","title":{"rendered":"Family"},"content":{"rendered":"<p data-start=\"105\" data-end=\"509\">In allen M\u00e4rchen leben Prinzen und Prinzessinnen in einem Schloss, voller geheimer R\u00e4ume, die es zu entdecken gilt \u2013 so wie jene, die sich entlang der Korridore des Schloss Hotel &amp; SPA in Pontresina entfalten. Ein Schloss, umgeben von<strong> L\u00e4rchenw\u00e4ldern<\/strong> und vom Wei\u00df des Schnees \u00fcberzuckert, bereit, die Kleinen willkommen zu hei\u00dfen und ihnen neue Abenteuer zu schenken, verfeinert mit einem Hauch von Magie.<\/p>\n<p data-start=\"511\" data-end=\"879\">Im Schloss ist der Ort zum Teilen von Geheimnissen und f\u00fcr Spa\u00df das <strong data-start=\"579\" data-end=\"598\">Spazio Camamela<\/strong>, ein gro\u00dfer Bereich von 350 Quadratmetern, der Kindern jeden Alters gewidmet ist.<br data-start=\"680\" data-end=\"683\" \/>Auch das <strong>beheizte Hallenbad des Schloss Hotel &amp; SPA Pontresina<\/strong> ist ein weiterer Ort, an dem sich die Kleinen treffen k\u00f6nnen, um in warmem Wasser zu schwimmen \u2013 umgeben von schneebedeckten Gipfeln.<\/p>\n<h3 data-start=\"881\" data-end=\"958\"><strong data-start=\"881\" data-end=\"958\">Hier sind 5 gute Gr\u00fcnde, im Schloss Hotel &amp; SPA Pontresina zu \u00fcbernachten<\/strong><\/h3>\n","protected":false},"excerpt":{"rendered":"<p>In allen M\u00e4rchen leben Prinzen und Prinzessinnen in einem Schloss, voller geheimer R\u00e4ume, die es zu entdecken gilt \u2013 so wie jene, die sich entlang der Korridore des Schloss Hotel &amp; SPA in Pontresina entfalten. Ein Schloss, umgeben von L\u00e4rchenw\u00e4ldern und vom Wei\u00df des Schnees \u00fcberzuckert, bereit, die Kleinen willkommen zu hei\u00dfen und ihnen neue Abenteuer zu schenken, verfeinert mit einem Hauch von Magie. Im Schloss ist der Ort zum &#8230;<\/p>\n","protected":false},"author":5,"featured_media":0,"parent":0,"menu_order":0,"comment_status":"closed","ping_status":"closed","template":"","meta":{"_acf_changed":false},"class_list":["post-2111","page","type-page","status-publish","hentry"],"acf":[],"_links":{"self":[{"href":"https:\/\/www.schlosshotelpontresina.com\/de\/wp-json\/wp\/v2\/pages\/2111","targetHints":{"allow":["GET"]}}],"collection":[{"href":"https:\/\/www.schlosshotelpontresina.com\/de\/wp-json\/wp\/v2\/pages"}],"about":[{"href":"https:\/\/www.schlosshotelpontresina.com\/de\/wp-json\/wp\/v2\/types\/page"}],"author":[{"embeddable":true,"href":"https:\/\/www.schlosshotelpontresina.com\/de\/wp-json\/wp\/v2\/users\/5"}],"replies":[{"embeddable":true,"href":"https:\/\/www.schlosshotelpontresina.com\/de\/wp-json\/wp\/v2\/comments?post=2111"}],"version-history":[{"count":0,"href":"https:\/\/www.schlosshotelpontresina.com\/de\/wp-json\/wp\/v2\/pages\/2111\/revisions"}],"wp:attachment":[{"href":"https:\/\/www.schlosshotelpontresina.com\/de\/wp-json\/wp\/v2\/media?parent=2111"}],"curies":[{"name":"wp","href":"https:\/\/api.w.org\/{rel}","templated":true}]}}