{"id":2081,"date":"2025-12-09T16:21:23","date_gmt":"2025-12-09T15:21:23","guid":{"rendered":"https:\/\/www.schlosshotelpontresina.com\/?page_id=2081"},"modified":"2026-02-11T14:54:06","modified_gmt":"2026-02-11T13:54:06","slug":"unser-wellness-salon-schloss-spa","status":"publish","type":"page","link":"https:\/\/www.schlosshotelpontresina.com\/de\/unser-wellness-salon-schloss-spa\/","title":{"rendered":"Schloss SPA"},"content":{"rendered":"<p data-start=\"87\" data-end=\"436\">In unserer Spa-Philosophie wird nichts dem Zufall \u00fcberlassen. Jeder Klang und jeder Duft folgt einem pr\u00e4zisen Zweck und f\u00fcgt sich perfekt in den gesamten Weg ein. Die <strong>Schloss Spa<\/strong> ist ein Erlebnis, das das Gleichgewicht zwischen K\u00f6rper und Geist f\u00f6rdert, das Bewusstsein f\u00fcr das eigene Wohlbefinden st\u00e4rkt und die individuelle Harmonie revitalisiert.<\/p>\n<p data-start=\"438\" data-end=\"698\">Die<strong> Schloss Spa ist ein Ort, an dem man vollkommen von der Au\u00dfenwelt abschaltet<\/strong>, wo man sich seines Atems, seines K\u00f6rpers als Ganzes, seines Geistes und seiner Seele bewusst wird. Zugleich ist es ein Raum, in dem die Haut mit besonderer Sorgfalt gepflegt wird.<\/p>\n","protected":false},"excerpt":{"rendered":"<p>In unserer Spa-Philosophie wird nichts dem Zufall \u00fcberlassen. Jeder Klang und jeder Duft folgt einem pr\u00e4zisen Zweck und f\u00fcgt sich perfekt in den gesamten Weg ein. Die Schloss Spa ist ein Erlebnis, das das Gleichgewicht zwischen K\u00f6rper und Geist f\u00f6rdert, das Bewusstsein f\u00fcr das eigene Wohlbefinden st\u00e4rkt und die individuelle Harmonie revitalisiert. Die Schloss Spa ist ein Ort, an dem man vollkommen von der Au\u00dfenwelt abschaltet, wo man sich seines &#8230;<\/p>\n","protected":false},"author":5,"featured_media":0,"parent":0,"menu_order":0,"comment_status":"closed","ping_status":"closed","template":"","meta":{"_acf_changed":false},"class_list":["post-2081","page","type-page","status-publish","hentry"],"acf":[],"_links":{"self":[{"href":"https:\/\/www.schlosshotelpontresina.com\/de\/wp-json\/wp\/v2\/pages\/2081","targetHints":{"allow":["GET"]}}],"collection":[{"href":"https:\/\/www.schlosshotelpontresina.com\/de\/wp-json\/wp\/v2\/pages"}],"about":[{"href":"https:\/\/www.schlosshotelpontresina.com\/de\/wp-json\/wp\/v2\/types\/page"}],"author":[{"embeddable":true,"href":"https:\/\/www.schlosshotelpontresina.com\/de\/wp-json\/wp\/v2\/users\/5"}],"replies":[{"embeddable":true,"href":"https:\/\/www.schlosshotelpontresina.com\/de\/wp-json\/wp\/v2\/comments?post=2081"}],"version-history":[{"count":0,"href":"https:\/\/www.schlosshotelpontresina.com\/de\/wp-json\/wp\/v2\/pages\/2081\/revisions"}],"wp:attachment":[{"href":"https:\/\/www.schlosshotelpontresina.com\/de\/wp-json\/wp\/v2\/media?parent=2081"}],"curies":[{"name":"wp","href":"https:\/\/api.w.org\/{rel}","templated":true}]}}