{"id":2046,"date":"2025-12-09T16:17:27","date_gmt":"2025-12-09T15:17:27","guid":{"rendered":"https:\/\/www.schlosshotelpontresina.com\/?page_id=2046"},"modified":"2026-02-11T12:20:37","modified_gmt":"2026-02-11T11:20:37","slug":"ein-reichhaltiges-fruehstueck","status":"publish","type":"page","link":"https:\/\/www.schlosshotelpontresina.com\/de\/ein-reichhaltiges-fruehstueck\/","title":{"rendered":"Ein reichhaltiges Fr\u00fchst\u00fcck"},"content":{"rendered":"<p>Der zweite Raum &#8222;Caliz&#8220; ist spiegelbildlich zum Restaurant &#8222;Savur&#8220;, in dem das Fr\u00fchst\u00fcck serviert wird.\u00a0Auch hier bieten die<strong> Panoramafenster<\/strong> einen zauberhaften Blick auf die Rosatsch-Gipfel, die Sie bei einem reichhaltigen und frischen Geb\u00e4ck des gro\u00dfen Buffets bewundern k\u00f6nnen, das der Konditormeister jeden Morgen im Hotel zubereitet. Hausgemachter Kuchen, frisches Brot, Aufschnitt, Eier, frisch geschnittenes Obst, Bio-Marmelade, verschiedene Joghurts, M\u00fcsli-Mix, S\u00e4fte, frische S\u00e4fte und<strong> italienischer Kaffee<\/strong> am Tisch serviert nur am Morgen, um sich besser vorzubereiten ein wundersch\u00f6ner Tag in den Bergen.<\/p>\n<p><strong>Das Fr\u00fchst\u00fcck wird von 7.30 bis 10.30 Uhr serviert.<\/strong><\/p>\n","protected":false},"excerpt":{"rendered":"<p>Der zweite Raum &#8222;Caliz&#8220; ist spiegelbildlich zum Restaurant &#8222;Savur&#8220;, in dem das Fr\u00fchst\u00fcck serviert wird.\u00a0Auch hier bieten die Panoramafenster einen zauberhaften Blick auf die Rosatsch-Gipfel, die Sie bei einem reichhaltigen und frischen Geb\u00e4ck des gro\u00dfen Buffets bewundern k\u00f6nnen, das der Konditormeister jeden Morgen im Hotel zubereitet. Hausgemachter Kuchen, frisches Brot, Aufschnitt, Eier, frisch geschnittenes Obst, Bio-Marmelade, verschiedene Joghurts, M\u00fcsli-Mix, S\u00e4fte, frische S\u00e4fte und italienischer Kaffee am Tisch serviert nur am &#8230;<\/p>\n","protected":false},"author":5,"featured_media":0,"parent":0,"menu_order":0,"comment_status":"closed","ping_status":"closed","template":"","meta":{"_acf_changed":false},"class_list":["post-2046","page","type-page","status-publish","hentry"],"acf":[],"_links":{"self":[{"href":"https:\/\/www.schlosshotelpontresina.com\/de\/wp-json\/wp\/v2\/pages\/2046","targetHints":{"allow":["GET"]}}],"collection":[{"href":"https:\/\/www.schlosshotelpontresina.com\/de\/wp-json\/wp\/v2\/pages"}],"about":[{"href":"https:\/\/www.schlosshotelpontresina.com\/de\/wp-json\/wp\/v2\/types\/page"}],"author":[{"embeddable":true,"href":"https:\/\/www.schlosshotelpontresina.com\/de\/wp-json\/wp\/v2\/users\/5"}],"replies":[{"embeddable":true,"href":"https:\/\/www.schlosshotelpontresina.com\/de\/wp-json\/wp\/v2\/comments?post=2046"}],"version-history":[{"count":0,"href":"https:\/\/www.schlosshotelpontresina.com\/de\/wp-json\/wp\/v2\/pages\/2046\/revisions"}],"wp:attachment":[{"href":"https:\/\/www.schlosshotelpontresina.com\/de\/wp-json\/wp\/v2\/media?parent=2046"}],"curies":[{"name":"wp","href":"https:\/\/api.w.org\/{rel}","templated":true}]}}