{"id":2031,"date":"2025-12-09T15:57:36","date_gmt":"2025-12-09T14:57:36","guid":{"rendered":"https:\/\/www.schlosshotelpontresina.com\/?page_id=2031"},"modified":"2026-02-11T14:03:09","modified_gmt":"2026-02-11T13:03:09","slug":"restaurant-savur","status":"publish","type":"page","link":"https:\/\/www.schlosshotelpontresina.com\/de\/restaurant-savur\/","title":{"rendered":"Restaurant Savur"},"content":{"rendered":"<p>Doch der<strong> \u201eGeschmack\u201c<\/strong> ist auch jener der Gerichte unserer italienischen K\u00fcchenchefs, die k\u00f6stliche Speisen und Men\u00fcs kreiert haben \u2013 in perfekter Harmonie zwischen<strong> lokaler Kultur und italienischer Note.<\/strong><br data-start=\"283\" data-end=\"286\" \/>Neben den Gerichten, die offen von der Engadiner Tradition inspiriert sind, stehen die \u201eitalienischen Klassiker\u201c \u2013 die reichhaltigsten und geschmackvollsten \u2013, um <strong>das Beste unseres Landes in die Schweiz<\/strong> zu bringen, begleitet von erlesenen Weinen aus lokalen sowie franz\u00f6sischen und italienischen Kellereien.<\/p>\n","protected":false},"excerpt":{"rendered":"<p>Doch der \u201eGeschmack\u201c ist auch jener der Gerichte unserer italienischen K\u00fcchenchefs, die k\u00f6stliche Speisen und Men\u00fcs kreiert haben \u2013 in perfekter Harmonie zwischen lokaler Kultur und italienischer Note.Neben den Gerichten, die offen von der Engadiner Tradition inspiriert sind, stehen die \u201eitalienischen Klassiker\u201c \u2013 die reichhaltigsten und geschmackvollsten \u2013, um das Beste unseres Landes in die Schweiz zu bringen, begleitet von erlesenen Weinen aus lokalen sowie franz\u00f6sischen und italienischen Kellereien.<\/p>\n","protected":false},"author":5,"featured_media":0,"parent":0,"menu_order":0,"comment_status":"closed","ping_status":"closed","template":"","meta":{"_acf_changed":false},"class_list":["post-2031","page","type-page","status-publish","hentry"],"acf":[],"_links":{"self":[{"href":"https:\/\/www.schlosshotelpontresina.com\/de\/wp-json\/wp\/v2\/pages\/2031","targetHints":{"allow":["GET"]}}],"collection":[{"href":"https:\/\/www.schlosshotelpontresina.com\/de\/wp-json\/wp\/v2\/pages"}],"about":[{"href":"https:\/\/www.schlosshotelpontresina.com\/de\/wp-json\/wp\/v2\/types\/page"}],"author":[{"embeddable":true,"href":"https:\/\/www.schlosshotelpontresina.com\/de\/wp-json\/wp\/v2\/users\/5"}],"replies":[{"embeddable":true,"href":"https:\/\/www.schlosshotelpontresina.com\/de\/wp-json\/wp\/v2\/comments?post=2031"}],"version-history":[{"count":0,"href":"https:\/\/www.schlosshotelpontresina.com\/de\/wp-json\/wp\/v2\/pages\/2031\/revisions"}],"wp:attachment":[{"href":"https:\/\/www.schlosshotelpontresina.com\/de\/wp-json\/wp\/v2\/media?parent=2031"}],"curies":[{"name":"wp","href":"https:\/\/api.w.org\/{rel}","templated":true}]}}