{"id":2013,"date":"2025-12-09T12:19:32","date_gmt":"2025-12-09T11:19:32","guid":{"rendered":"https:\/\/www.schlosshotelpontresina.com\/?page_id=2013"},"modified":"2025-12-12T14:20:37","modified_gmt":"2025-12-12T13:20:37","slug":"die-drei-koeniginnen-des-engadins-corviglia-diavolezza-corvatsch","status":"publish","type":"page","link":"https:\/\/www.schlosshotelpontresina.com\/de\/die-drei-koeniginnen-des-engadins-corviglia-diavolezza-corvatsch\/","title":{"rendered":"Die drei K\u00f6niginnen des Engadins: Corviglia, Diavolezza, Corvatsch"},"content":{"rendered":"<p data-start=\"104\" data-end=\"568\"><strong>Das weitl\u00e4ufige Netz an Anlagen<\/strong> ist effizient und schnell, mit \u00fcberdachten Sesselliften, Seilbahnen, modernen Gondelbahnen, Bahnverbindungen und Skibussen. Corviglia und Corvatsch liegen an zwei gegen\u00fcberliegenden H\u00e4ngen: Der erste ist nahezu immer sonnig exponiert, w\u00e4hrend der zweite nach Norden ausgerichtet ist und \u00fcberwiegend im Schatten bleibt \u2013 ideal f\u00fcr Skifahrten in der sp\u00e4ten Saison. An den Wochenenden gibt es beleuchtete Pisten f\u00fcr das Nachtskifahren.<\/p>\n<p data-start=\"570\" data-end=\"940\">Es gibt die <strong data-start=\"582\" data-end=\"601\">Olympia Bob Run<\/strong>, die \u00e4lteste Bobbahn der Welt und den einzigen vollst\u00e4ndig nat\u00fcrlichen Eiskanals, auf dem weiterhin internationale Rennen stattfinden, sowie die legend\u00e4re Skeletonbahn des <strong data-start=\"774\" data-end=\"788\">Cresta Run<\/strong>. Nach vier alpinen Ski-Weltmeisterschaften und zwei Olympischen Winterspielen war St. Moritz 2017 erneut Gastgeber der alpinen Ski-Weltmeisterschaften.<\/p>\n","protected":false},"excerpt":{"rendered":"<p>Das weitl\u00e4ufige Netz an Anlagen ist effizient und schnell, mit \u00fcberdachten Sesselliften, Seilbahnen, modernen Gondelbahnen, Bahnverbindungen und Skibussen. Corviglia und Corvatsch liegen an zwei gegen\u00fcberliegenden H\u00e4ngen: Der erste ist nahezu immer sonnig exponiert, w\u00e4hrend der zweite nach Norden ausgerichtet ist und \u00fcberwiegend im Schatten bleibt \u2013 ideal f\u00fcr Skifahrten in der sp\u00e4ten Saison. An den Wochenenden gibt es beleuchtete Pisten f\u00fcr das Nachtskifahren. Es gibt die Olympia Bob Run, die &#8230;<\/p>\n","protected":false},"author":5,"featured_media":0,"parent":0,"menu_order":0,"comment_status":"closed","ping_status":"closed","template":"","meta":{"_acf_changed":false},"class_list":["post-2013","page","type-page","status-publish","hentry"],"acf":[],"_links":{"self":[{"href":"https:\/\/www.schlosshotelpontresina.com\/de\/wp-json\/wp\/v2\/pages\/2013","targetHints":{"allow":["GET"]}}],"collection":[{"href":"https:\/\/www.schlosshotelpontresina.com\/de\/wp-json\/wp\/v2\/pages"}],"about":[{"href":"https:\/\/www.schlosshotelpontresina.com\/de\/wp-json\/wp\/v2\/types\/page"}],"author":[{"embeddable":true,"href":"https:\/\/www.schlosshotelpontresina.com\/de\/wp-json\/wp\/v2\/users\/5"}],"replies":[{"embeddable":true,"href":"https:\/\/www.schlosshotelpontresina.com\/de\/wp-json\/wp\/v2\/comments?post=2013"}],"version-history":[{"count":0,"href":"https:\/\/www.schlosshotelpontresina.com\/de\/wp-json\/wp\/v2\/pages\/2013\/revisions"}],"wp:attachment":[{"href":"https:\/\/www.schlosshotelpontresina.com\/de\/wp-json\/wp\/v2\/media?parent=2013"}],"curies":[{"name":"wp","href":"https:\/\/api.w.org\/{rel}","templated":true}]}}